{"id":139,"date":"2023-01-21T20:06:34","date_gmt":"2023-01-21T20:06:34","guid":{"rendered":"https:\/\/rgzv-radevormwald.de\/?page_id=139"},"modified":"2023-01-21T20:17:47","modified_gmt":"2023-01-21T20:17:47","slug":"schulung-fuer-zuechterinnen-und-zuechter","status":"publish","type":"page","link":"https:\/\/rgzv-radevormwald.de\/?page_id=139","title":{"rendered":"Schulung f\u00fcr Z\u00fcchterinnen und Z\u00fcchter"},"content":{"rendered":"\n<p>Unter dieser Rubrik ver\u00f6ffentlichen wir Tipps und Tricks rund um die Gefl\u00fcgelzucht und die Haltung von Rassegefl\u00fcgel.<\/p>\n\n\n\n<p>Das Wissen dazu stammt aus den gesammelten praktischen Erfahrungen unserer Vereinsmitglieder der vergangenen Jahre.<\/p>\n","protected":false},"excerpt":{"rendered":"<p>Unter dieser Rubrik ver\u00f6ffentlichen wir Tipps und Tricks rund um die Gefl\u00fcgelzucht und die Haltung von Rassegefl\u00fcgel. Das Wissen dazu stammt aus den gesammelten praktischen Erfahrungen unserer Vereinsmitglieder der vergangenen Jahre.<\/p>\n","protected":false},"author":1,"featured_media":0,"parent":0,"menu_order":0,"comment_status":"closed","ping_status":"closed","template":"","meta":{"footnotes":""},"_links":{"self":[{"href":"https:\/\/rgzv-radevormwald.de\/index.php?rest_route=\/wp\/v2\/pages\/139"}],"collection":[{"href":"https:\/\/rgzv-radevormwald.de\/index.php?rest_route=\/wp\/v2\/pages"}],"about":[{"href":"https:\/\/rgzv-radevormwald.de\/index.php?rest_route=\/wp\/v2\/types\/page"}],"author":[{"embeddable":true,"href":"https:\/\/rgzv-radevormwald.de\/index.php?rest_route=\/wp\/v2\/users\/1"}],"replies":[{"embeddable":true,"href":"https:\/\/rgzv-radevormwald.de\/index.php?rest_route=%2Fwp%2Fv2%2Fcomments&post=139"}],"version-history":[{"count":3,"href":"https:\/\/rgzv-radevormwald.de\/index.php?rest_route=\/wp\/v2\/pages\/139\/revisions"}],"predecessor-version":[{"id":143,"href":"https:\/\/rgzv-radevormwald.de\/index.php?rest_route=\/wp\/v2\/pages\/139\/revisions\/143"}],"wp:attachment":[{"href":"https:\/\/rgzv-radevormwald.de\/index.php?rest_route=%2Fwp%2Fv2%2Fmedia&parent=139"}],"curies":[{"name":"wp","href":"https:\/\/api.w.org\/{rel}","templated":true}]}}