{"id":2,"date":"2023-01-20T17:31:51","date_gmt":"2023-01-20T17:31:51","guid":{"rendered":"https:\/\/rgzv-radevormwald.de\/?page_id=2"},"modified":"2026-03-31T12:10:22","modified_gmt":"2026-03-31T12:10:22","slug":"sample-page","status":"publish","type":"page","link":"https:\/\/rgzv-radevormwald.de\/","title":{"rendered":"Willkommen"},"content":{"rendered":"\n<p class=\"has-text-align-left\">Ihre Fragen<br>&#8211; zum Verein,<br>&#8211; zur Gefl\u00fcgelzucht,<br>&#8211; zur Gefl\u00fcgelhaltung<br>&#8211; zu Tierimpfungen<br>beantworten wir gerne.<br><br>Bitte wenden sie sich an unser Mitglied<br><strong>Wolfgang Zielke &#8211; Telefon: 0175 91 93 376<br>Kottmannshausen 3<br>42477 Radevormwald<\/strong><\/p>\n\n\n\n<p>Rassegefl\u00fcgelzucht als Hobby betreiben unsere Mitglieder aus Begeisterung am Tier und an der Vielfalt der Rassen. In der Gemeinschaft des Vereins wird das dabei gewonnene Wissen zur Erreichung verbesserter Zuchtergebnisse untereinander verbreitet. Um Beispielsweise erfolgreich in der H\u00fchnerzucht zu sein, sind Anforderungen an Farben und K\u00f6rpermerkmalen (Sch\u00f6nheit) genauso zu erf\u00fcllen, wie auch eine artgerechte Leistung der Tiere zu f\u00f6rdern (Eier legen).<\/p>\n\n\n<div class=\"wp-block-image\">\n<figure class=\"alignright size-full\"><img loading=\"lazy\" decoding=\"async\" width=\"344\" height=\"407\" src=\"https:\/\/rgzv-radevormwald.de\/wp-content\/uploads\/2023\/01\/logo-2015.jpg\" alt=\"\" class=\"wp-image-100\" srcset=\"https:\/\/rgzv-radevormwald.de\/wp-content\/uploads\/2023\/01\/logo-2015.jpg 344w, https:\/\/rgzv-radevormwald.de\/wp-content\/uploads\/2023\/01\/logo-2015-254x300.jpg 254w\" sizes=\"(max-width: 344px) 100vw, 344px\" \/><\/figure><\/div>","protected":false},"excerpt":{"rendered":"<p>Ihre Fragen&#8211; zum Verein,&#8211; zur Gefl\u00fcgelzucht,&#8211; zur Gefl\u00fcgelhaltung&#8211; zu Tierimpfungenbeantworten wir gerne. Bitte wenden sie sich an unser MitgliedWolfgang Zielke &#8211; Telefon: 0175 91 93 376Kottmannshausen 342477 Radevormwald Rassegefl\u00fcgelzucht als Hobby betreiben unsere Mitglieder aus Begeisterung am Tier und an der Vielfalt der Rassen. In der Gemeinschaft des Vereins wird das dabei gewonnene Wissen zur [&hellip;]<\/p>\n","protected":false},"author":1,"featured_media":0,"parent":0,"menu_order":0,"comment_status":"closed","ping_status":"open","template":"","meta":{"footnotes":""},"_links":{"self":[{"href":"https:\/\/rgzv-radevormwald.de\/index.php?rest_route=\/wp\/v2\/pages\/2"}],"collection":[{"href":"https:\/\/rgzv-radevormwald.de\/index.php?rest_route=\/wp\/v2\/pages"}],"about":[{"href":"https:\/\/rgzv-radevormwald.de\/index.php?rest_route=\/wp\/v2\/types\/page"}],"author":[{"embeddable":true,"href":"https:\/\/rgzv-radevormwald.de\/index.php?rest_route=\/wp\/v2\/users\/1"}],"replies":[{"embeddable":true,"href":"https:\/\/rgzv-radevormwald.de\/index.php?rest_route=%2Fwp%2Fv2%2Fcomments&post=2"}],"version-history":[{"count":5,"href":"https:\/\/rgzv-radevormwald.de\/index.php?rest_route=\/wp\/v2\/pages\/2\/revisions"}],"predecessor-version":[{"id":633,"href":"https:\/\/rgzv-radevormwald.de\/index.php?rest_route=\/wp\/v2\/pages\/2\/revisions\/633"}],"wp:attachment":[{"href":"https:\/\/rgzv-radevormwald.de\/index.php?rest_route=%2Fwp%2Fv2%2Fmedia&parent=2"}],"curies":[{"name":"wp","href":"https:\/\/api.w.org\/{rel}","templated":true}]}}