{"id":55,"date":"2023-01-20T18:59:56","date_gmt":"2023-01-20T18:59:56","guid":{"rendered":"https:\/\/rgzv-radevormwald.de\/?page_id=55"},"modified":"2026-03-31T12:08:19","modified_gmt":"2026-03-31T12:08:19","slug":"vorstand","status":"publish","type":"page","link":"https:\/\/rgzv-radevormwald.de\/?page_id=55","title":{"rendered":"Vorstand"},"content":{"rendered":"\n<p>Der Vereinsvorstand besteht 2026 aus folgenden Personen und Funktionen:<br><br><strong>1. Vorsitzender:<\/strong><br>Raphael Skupien<br><br><strong>2. Vorsitzender:<\/strong><br>Marcel Jaquinet<br><br><strong>Kassiererin:<\/strong><br>Melanie Grolewski<\/p>\n\n\n\n<p><strong>2. Kassierer:<\/strong><br>Ulrike Zech<br><br><strong>1. Schriftf\u00fchrerin:<\/strong><br>Annalena Grolewski<br><br><strong>2. Schriftf\u00fchrer:<\/strong><br>Ulrike Zech<br><br><strong>Zuchtwart Gefl\u00fcgel und Tauben:<\/strong><br>Nicht besetzt (seit Juli 2018)<\/p>\n\n\n\n<figure class=\"wp-block-image size-full is-resized\"><img loading=\"lazy\" decoding=\"async\" width=\"1024\" height=\"577\" src=\"https:\/\/rgzv-radevormwald.de\/wp-content\/uploads\/2024\/06\/vorstand-2024.jpg\" alt=\"\" class=\"wp-image-438\" style=\"width:840px;height:auto\" srcset=\"https:\/\/rgzv-radevormwald.de\/wp-content\/uploads\/2024\/06\/vorstand-2024.jpg 1024w, https:\/\/rgzv-radevormwald.de\/wp-content\/uploads\/2024\/06\/vorstand-2024-300x169.jpg 300w, https:\/\/rgzv-radevormwald.de\/wp-content\/uploads\/2024\/06\/vorstand-2024-768x433.jpg 768w\" sizes=\"(max-width: 1024px) 100vw, 1024px\" \/><figcaption class=\"wp-element-caption\"><em>Von Links: Ulrike Zech, Melanie Grolewski, Annalena Grolewski, Wolfgang Zielke, G\u00fcnter Fullriede.<\/em><\/figcaption><\/figure>\n\n\n\n<p>Der Vereinsvorstand bestand 2024 aus folgenden Personen und Funktionen:<\/p>\n\n\n\n<p><strong>1. Vorsitzender:<\/strong><br>Wolfgang Zielke &#8211; 0175\/91 93 376<\/p>\n\n\n\n<p><strong>2. Vorsitzender:<\/strong><br>G\u00fcnter Fullriede<br><br><strong>Kassiererin:<\/strong><br>Melanie Grolewski<\/p>\n\n\n\n<p><strong>2. Kassierer:<\/strong><br>Ulrike Zech<br><br><strong>1. Schriftf\u00fchrerin:<\/strong><br>Annalena Grolewski<br><br><strong>2. Schriftf\u00fchrer:<\/strong><br>Ulrike Zech<br><br><strong>Zuchtwart Gefl\u00fcgel und Tauben:<\/strong><br>Nicht besetzt (seit Juli 2018)<\/p>\n\n\n\n<figure class=\"wp-block-image size-large\"><img loading=\"lazy\" decoding=\"async\" width=\"1024\" height=\"876\" src=\"https:\/\/rgzv-radevormwald.de\/wp-content\/uploads\/2023\/01\/grafik-1024x876.png\" alt=\"\" class=\"wp-image-109\" srcset=\"https:\/\/rgzv-radevormwald.de\/wp-content\/uploads\/2023\/01\/grafik-1024x876.png 1024w, https:\/\/rgzv-radevormwald.de\/wp-content\/uploads\/2023\/01\/grafik-300x257.png 300w, https:\/\/rgzv-radevormwald.de\/wp-content\/uploads\/2023\/01\/grafik-768x657.png 768w, https:\/\/rgzv-radevormwald.de\/wp-content\/uploads\/2023\/01\/grafik-1536x1314.png 1536w, https:\/\/rgzv-radevormwald.de\/wp-content\/uploads\/2023\/01\/grafik-2048x1751.png 2048w\" sizes=\"(max-width: 1024px) 100vw, 1024px\" \/><figcaption class=\"wp-element-caption\"><em>Vorstandsmitglieder 2019. Im S\u00e4ngerheim Hahnenberg w\u00e4hrend der j\u00e4hrlichen Jahreshauptversammlung abgelichtet. Von links: Wolfgang Zielke, Thorben Weschenbach, Frank Unger, Lore Sieberg, Melanie Grolewski.<\/em><\/figcaption><\/figure>\n\n\n\n<figure class=\"wp-block-image size-full\"><img loading=\"lazy\" decoding=\"async\" width=\"640\" height=\"436\" src=\"https:\/\/rgzv-radevormwald.de\/wp-content\/uploads\/2023\/01\/grafik-1.png\" alt=\"\" class=\"wp-image-110\" srcset=\"https:\/\/rgzv-radevormwald.de\/wp-content\/uploads\/2023\/01\/grafik-1.png 640w, https:\/\/rgzv-radevormwald.de\/wp-content\/uploads\/2023\/01\/grafik-1-300x204.png 300w\" sizes=\"(max-width: 640px) 100vw, 640px\" \/><figcaption class=\"wp-element-caption\"><em>Vorstand und zahlreiche Mitglieder im Jahre 1994 beim 100-j\u00e4hrigen Jubil\u00e4um des Vereins.<\/em><\/figcaption><\/figure>\n","protected":false},"excerpt":{"rendered":"<p>Der Vereinsvorstand besteht 2026 aus folgenden Personen und Funktionen: 1. Vorsitzender:Raphael Skupien 2. Vorsitzender:Marcel Jaquinet Kassiererin:Melanie Grolewski 2. Kassierer:Ulrike Zech 1. Schriftf\u00fchrerin:Annalena Grolewski 2. Schriftf\u00fchrer:Ulrike Zech Zuchtwart Gefl\u00fcgel und Tauben:Nicht besetzt (seit Juli 2018) Der Vereinsvorstand bestand 2024 aus folgenden Personen und Funktionen: 1. Vorsitzender:Wolfgang Zielke &#8211; 0175\/91 93 376 2. Vorsitzender:G\u00fcnter Fullriede Kassiererin:Melanie Grolewski [&hellip;]<\/p>\n","protected":false},"author":1,"featured_media":0,"parent":0,"menu_order":0,"comment_status":"closed","ping_status":"closed","template":"","meta":{"footnotes":""},"_links":{"self":[{"href":"https:\/\/rgzv-radevormwald.de\/index.php?rest_route=\/wp\/v2\/pages\/55"}],"collection":[{"href":"https:\/\/rgzv-radevormwald.de\/index.php?rest_route=\/wp\/v2\/pages"}],"about":[{"href":"https:\/\/rgzv-radevormwald.de\/index.php?rest_route=\/wp\/v2\/types\/page"}],"author":[{"embeddable":true,"href":"https:\/\/rgzv-radevormwald.de\/index.php?rest_route=\/wp\/v2\/users\/1"}],"replies":[{"embeddable":true,"href":"https:\/\/rgzv-radevormwald.de\/index.php?rest_route=%2Fwp%2Fv2%2Fcomments&post=55"}],"version-history":[{"count":11,"href":"https:\/\/rgzv-radevormwald.de\/index.php?rest_route=\/wp\/v2\/pages\/55\/revisions"}],"predecessor-version":[{"id":632,"href":"https:\/\/rgzv-radevormwald.de\/index.php?rest_route=\/wp\/v2\/pages\/55\/revisions\/632"}],"wp:attachment":[{"href":"https:\/\/rgzv-radevormwald.de\/index.php?rest_route=%2Fwp%2Fv2%2Fmedia&parent=55"}],"curies":[{"name":"wp","href":"https:\/\/api.w.org\/{rel}","templated":true}]}}