{"id":57,"date":"2023-01-20T19:00:15","date_gmt":"2023-01-20T19:00:15","guid":{"rendered":"https:\/\/rgzv-radevormwald.de\/?page_id=57"},"modified":"2023-01-20T20:47:08","modified_gmt":"2023-01-20T20:47:08","slug":"chronik","status":"publish","type":"page","link":"https:\/\/rgzv-radevormwald.de\/?page_id=57","title":{"rendered":"Chronik"},"content":{"rendered":"\n<h2 class=\"wp-block-heading\">Von der Gr\u00fcndung 1894 bis 2007<\/h2>\n\n\n\n<h5 class=\"wp-block-heading\">verfasst 2007 von Dirk H\u00f6lzel<\/h5>\n\n\n\n<p>Der Rassegefl\u00fcgel- Zuchtverein Radevormwald wurde 1894 in einer kleinen Gastwirtschaft (Schenkwirtschaft) bei Ewald Wellershaus vor der Mark am Rande von Radevormwald gegr\u00fcndet.<br><br>Gr\u00fcnder des Rassegefl\u00fcgel- Zuchtverein waren Ewald Wellershaus, Robert Fliege, Robert Gerbig, Ewald und Emil Burgmann, Emil Hummeltenberg, Fritz Melskotte, Lehrer Hackstein, Albert Feckinghaus und Heinrich Bl\u00e4tgen.<br>Die einzelnen Namen sind aufgef\u00fchrt worden, weil zu jener Zeit Robert Gerbig Sparkassenrendant und Hackstein Lehrer waren und dar\u00fcber akribisch Buch f\u00fchrten. Bei der Gr\u00fcnderversammlung war ebenfalls ein Sch\u00fcler anwesend, welcher aber zu damaliger Zeit nicht aufgenommen werden konnte. Da der RGZV immer mehr Mitglieder bekam, wurde das Gr\u00fcndungslokal zu klein und man musste sich nach einem gr\u00f6\u00dferem Lokal umschauen. Dieses wurde auch gefunden, es war das Hotel zur Post, Inhaber Richard Fasbender.<\/p>\n\n\n\n<p>Die erste Ausstellung in Radevormwald war am 17. &#8211; 19. November 1903 im Saal Fischer, H\u00f6lterhof.<br>Diese Ausstellung war mit \u00fcber 800 Tieren best\u00fcckt. Auf dieser Ausstellung wurde schon eine Brutmaschine der Firma Satorius, G\u00f6ttingen vorgef\u00fchrt, Gr\u00f6sse 80 st\u00fcck Eier. Schlupftag war der 17. &#8211; 19. November, so dass das Schl\u00fcpfen beobachtet werden konnte. Zuchtfreund Rektor Spratte stand an der Maschine und gab auf Fragen Auskunft.<\/p>\n\n\n\n<p>Die zweite Ausstellung war am 17. &#8211; 19. Oktober 1904 in der Turnhalle Bredderstrasse. 1905 wurde der Kreisverband Bergischer Gefl\u00fcgelz\u00fcchter gegr\u00fcndet. Diesem Verband schlossen sich die Vereine Lennep, H\u00fcckeswagen, Ronsdorf, Wermelskirchen und Radevormwald an. Erster Vorsitzender wurde Rektor Spratte aus Radevormwald. Die erste gemeinsame Ausstellung war in Lennep und die zweite Ausstellung 1907 in Radevormwald im Saal Lindenhof.<\/p>\n\n\n\n<p>Im Juni 1910 haben sich der Rassegefl\u00fcgel- und der Kaninchen- Zuchtverein zusammengeschlossen. Sie gaben dem Verein den Namen: Rassegefl\u00fcgel und Kaninchenzuchtverein.<\/p>\n\n\n\n<p>Am 14. November 1910 war die erste gemeinsame Ausstellung im Saal Lindenhof. Vor dem ersten Weltkrieg verkaufte Robert Fliege 1,4 Bergische Kr\u00e4her an den Zaren von Russland. Die Z\u00fcchter beschickten schon vor dem ersten Weltkrieg gro\u00dfe Ausstellungen wie Dresden, Leipzig, Frankfurt und Elberfeld. In den Kriegsjahren war des \u00f6fteren eine Anzeige in der Zeitung , wann die Monatsversammlung sein soll.<\/p>\n\n\n\n<p>Am 24. Oktober 1915 waren die Gefl\u00fcgelhalter und Kleingartenliebhaber von Rektor Spratte eingeladen, um einen Verein zu gr\u00fcnden. Der Grund war, H\u00fchnerfutter und S\u00e4mereien zu bekommen. An diesem Tag wurden \u00fcber 80 Mitglieder aufgenommen, der Name des Vereins war: Gartenbau- und Gefl\u00fcgelzuchtverein. Der Rassegefl\u00fcgel -Zuchtverein blieb aber bestehen.<\/p>\n\n\n\n<p>1918 richtete Rektor Spratte auf dem Stadtgut Kollenberg eine Brutstation ein, Fassungsverm\u00f6gen 6000 Eier Es gab aber in darauf folgenden Jahren kein Notiz \u00fcber Erfolge. Am 15. Oktober 1921 wurde die Brut- und Zuchtanlage von der Landwirtschaftskammer begutachtet, und die Herren waren sehr zufrieden und versprachen, die Zuchtanlage finanziell zu unterst\u00fctzen.<\/p>\n\n\n\n<p>Im M\u00e4rz 1925 wurden in der Tageszeitung Eintagsk\u00fcken von rehf. Italiener und wei\u00dfe Leghorn angeboten: Brutanstalt Kollenberg. 1926 wurde die Brutgemeinschaft aufgegeben, da kein Erfolg zu vermelden war und auch die Gelder fehlten. Der Verkauf der Brutmaschine wurde einem guten Zweck zugef\u00fchrt.<\/p>\n\n\n\n<p>In den folgenden Jahren waren nur Versammlungstermine in den Zeitungen und Termine von Ausstellungen in den Nachbarvereinen, die von unseren Z\u00fcchtern beschickt wurden.<\/p>\n\n\n\n<p>In der Zeit von 1933 bis 1945 wurden vom Verein nur verbilligte Futtermittel in der Presse angeboten. 1948 war nach dem Krieg die erste Ausstellung und zwar aus Anlass des 50- j\u00e4hrigen Bestehens des Rassegefl\u00fcgel-Zuchtvereins Radevormwald. In den folgenden Jahren musste oft eine Lokalschau ausfallen, der Grund war immer die Saalfrage. 1952 war dann wieder eine Ausstellung und zwar im Saal Fasbender. 1957 war eine Kreisschau in Radevormwald, Turnhalle Bredderstrasse. Bis 1960 war dann jedes Jahr eine Ausstellung, 1960 war dann die letzte Ausstellung bei Fasbender, da der Saal nicht weiter genutzt werden durfte, aufgrund von Bauf\u00e4lligkeit. Ein Jahr sp\u00e4ter wurde das Hotel komplett geschlossen. In den folgenden Jahren fand keine Ausstellung mehr statt, da kein Ausstellungslokal gefunden werden konnte.<\/p>\n\n\n\n<p>Im Jahr 1974 haben wir gemeinsam mit dem Verein Vogelsm\u00fchle bei \u00dclfer in Herbeck die Ausstellung durchgef\u00fchrt, und bis 1980 jedes Jahr. Einige Jahre war die Ausstellung dann in der Turnhalle Bredderstrasse untergebracht, bis die an uns gestellten Auflagen nicht mehr zu erf\u00fcllen waren. Einige Jahre war unsere Lokalschau in der Brieftaubenhalle.<\/p>\n\n\n\n<p>2005 fand zum ersten Mal eine H\u00e4hnewettkr\u00e4hen am Heidersteg statt. Der Verein in heutiger Zeit (<em>2007 &#8211; Anm. d. Redaktion<\/em>) hat 29 Mitglieder und 6 Jungz\u00fcchter. Eine regelm\u00e4\u00dfige Zusammenkunft findet jedes viertel Jahr statt und unser Vereinslokal ist &#8222;Am Matt&#8220;, Radevormwald.<\/p>\n\n\n\n<p>Am 1. M\u00e4rz 2007 wurde in feierlicher Atmosph\u00e4re ein neuer Vorsitzender gesucht und in Dirk H\u00f6lzel gefunden. Er wurde von den anwesenden Mitgliedern einstimmig gew\u00e4hlt. Zweiter Vorsitzender wurde Michael Kerkhoff. Als seine letzte Amtshandlung ernannte Theo Bu\u00dfmann Wolfgang Zielke zum Ehrenmitglied. Theo Bu\u00dfmann wurde durch den neuen ersten Vorsitzenden zum Ehrenvorsitzenden ernannt.<\/p>\n\n\n\n<hr class=\"wp-block-separator has-alpha-channel-opacity\"\/>\n\n\n\n<p><em>Ende Text Dirk H\u00f6lzel.<\/em><\/p>\n\n\n\n<h2 class=\"wp-block-heading\">Bisherige Vorsitzende des Vereins:<\/h2>\n\n\n\n<p>1894 &#8211; 1905 : Ewald Wellershaus<br>1906 &#8211; 1939 : Rektor Spratte<br>1940 &#8211; 1948 : Hugo Melskotte<br>1949 &#8211; 1952 : Ernst Schlegel<br>1953 &#8211; 1955 : Paul Karthaus<br>1956 : Max Stricker ( kommissarisch)&nbsp;<br>1956 &#8211; 1991 : Erich Fliege&nbsp;<br>1991 &#8211; 2007 : Theo Bu\u00dfmann<br>2007 : Dirk H\u00f6lzel<br>2007 &#8211; 2011 : Theo Bu\u00dfmann (kommisarisch)<br>2011 &#8211; bis heute : Wolfgang Zielke<\/p>\n\n\n\n<hr class=\"wp-block-separator has-alpha-channel-opacity\"\/>\n\n\n\n<p>2019 war ein Jubil\u00e4umsjahr f\u00fcr den Verein.<\/p>\n\n\n\n<figure class=\"wp-block-image size-full\"><img loading=\"lazy\" decoding=\"async\" width=\"1024\" height=\"381\" src=\"https:\/\/rgzv-radevormwald.de\/wp-content\/uploads\/2023\/01\/grafik-2.png\" alt=\"\" class=\"wp-image-113\" srcset=\"https:\/\/rgzv-radevormwald.de\/wp-content\/uploads\/2023\/01\/grafik-2.png 1024w, https:\/\/rgzv-radevormwald.de\/wp-content\/uploads\/2023\/01\/grafik-2-300x112.png 300w, https:\/\/rgzv-radevormwald.de\/wp-content\/uploads\/2023\/01\/grafik-2-768x286.png 768w\" sizes=\"(max-width: 1024px) 100vw, 1024px\" \/><\/figure>\n","protected":false},"excerpt":{"rendered":"<p>Von der Gr\u00fcndung 1894 bis 2007 verfasst 2007 von Dirk H\u00f6lzel Der Rassegefl\u00fcgel- Zuchtverein Radevormwald wurde 1894 in einer kleinen Gastwirtschaft (Schenkwirtschaft) bei Ewald Wellershaus vor der Mark am Rande von Radevormwald gegr\u00fcndet. Gr\u00fcnder des Rassegefl\u00fcgel- Zuchtverein waren Ewald Wellershaus, Robert Fliege, Robert Gerbig, Ewald und Emil Burgmann, Emil Hummeltenberg, Fritz Melskotte, Lehrer Hackstein, Albert [&hellip;]<\/p>\n","protected":false},"author":1,"featured_media":0,"parent":0,"menu_order":0,"comment_status":"closed","ping_status":"closed","template":"","meta":{"footnotes":""},"_links":{"self":[{"href":"https:\/\/rgzv-radevormwald.de\/index.php?rest_route=\/wp\/v2\/pages\/57"}],"collection":[{"href":"https:\/\/rgzv-radevormwald.de\/index.php?rest_route=\/wp\/v2\/pages"}],"about":[{"href":"https:\/\/rgzv-radevormwald.de\/index.php?rest_route=\/wp\/v2\/types\/page"}],"author":[{"embeddable":true,"href":"https:\/\/rgzv-radevormwald.de\/index.php?rest_route=\/wp\/v2\/users\/1"}],"replies":[{"embeddable":true,"href":"https:\/\/rgzv-radevormwald.de\/index.php?rest_route=%2Fwp%2Fv2%2Fcomments&post=57"}],"version-history":[{"count":3,"href":"https:\/\/rgzv-radevormwald.de\/index.php?rest_route=\/wp\/v2\/pages\/57\/revisions"}],"predecessor-version":[{"id":114,"href":"https:\/\/rgzv-radevormwald.de\/index.php?rest_route=\/wp\/v2\/pages\/57\/revisions\/114"}],"wp:attachment":[{"href":"https:\/\/rgzv-radevormwald.de\/index.php?rest_route=%2Fwp%2Fv2%2Fmedia&parent=57"}],"curies":[{"name":"wp","href":"https:\/\/api.w.org\/{rel}","templated":true}]}}