{"id":59,"date":"2023-01-20T19:00:35","date_gmt":"2023-01-20T19:00:35","guid":{"rendered":"https:\/\/rgzv-radevormwald.de\/?page_id=59"},"modified":"2023-01-20T20:48:25","modified_gmt":"2023-01-20T20:48:25","slug":"satzung","status":"publish","type":"page","link":"https:\/\/rgzv-radevormwald.de\/?page_id=59","title":{"rendered":"Satzung"},"content":{"rendered":"\n<p>des RGZV Radevormwald 1894<br><br><strong>\u00a7 1 &#8211; Name und Sitz<\/strong><\/p>\n\n\n\n<ol>\n<li>Der Rassegefl\u00fcgelzuchtverein Radevormwald wurde 1894 gegr\u00fcndet und f\u00fchrt den Namen Rassegefl\u00fcgelzuchtverein (RGZV) und hat seinen Sitz in Radevormwald.<\/li>\n\n\n\n<li>Der Verein ist unter dem Namen Rassegefl\u00fcgelzuchtverein 1894 in das Vereinsregister einzutragen<br><\/li>\n<\/ol>\n\n\n\n<p><strong>\u00a7 2 &#8211; Zweck und Aufgabe<\/strong><\/p>\n\n\n\n<ol>\n<li>Der Verein ist selbstlos t\u00e4tig. Er verfolgt nicht in erster Linie eigenwirtschaftliche Zwecke.<\/li>\n\n\n\n<li>Mittel des Vereins d\u00fcrfen nur f\u00fcr satzungsm\u00e4\u00dfige Zwecke verwendet werden. Die Mitglieder erhalten keine Zuwendungen aus Mitteln des Vereins.<\/li>\n\n\n\n<li>Es darf keine Person durch Ausgaben, die den Zweck der K\u00f6rperschaft fremd sind, oder durch unverh\u00e4ltnism\u00e4\u00dfig hohe Verg\u00fctung beg\u00fcnstigt werden.<\/li>\n\n\n\n<li>Der Verein hat sich zur Aufgabe die F\u00f6rderung und Verbreitung der Rassegefl\u00fcgelzucht, sowie die Durchf\u00fchrung von Ausstellungen gesetzt.<br><\/li>\n<\/ol>\n\n\n\n<p><strong>\u00a7 3 &#8211; Mitgliedschaft<\/strong><\/p>\n\n\n\n<ol>\n<li>Mitglied kann jede Person werden, die dem verein dienlich sein will.<\/li>\n\n\n\n<li>Der Beitritt erfolgt durch schriftliche oder m\u00fcndliche Erkl\u00e4rung beim Vorsitzenden oder einem Ausschussmitglied.<\/li>\n\n\n\n<li>Bei einer Ablehnung ist ein schriftlicher Bescheid zu erteilen, der vom Ausschuss begr\u00fcndet wird.<\/li>\n\n\n\n<li>Zu Ehrenmitgliedern k\u00f6nnen von der Mitgliederversammlung auf Vorschlag des Vorstandes Mitglieder, die sich um die F\u00f6rderung der&nbsp; Rassegefl\u00fcgelzucht oder um den Verein besondere Verdienste erworben haben, ernannt werden.<\/li>\n\n\n\n<li>Ehrungen des Landes- und Bundesverbandes werden vom 1. Vorsitzenden beantragt. Besonders verdiente Z\u00fcchter k\u00f6nnen beim Bund Deutscher Rassegefl\u00fcgelz\u00fcchter f\u00fcr die Ernennung von Ehrentiteln in Vorschlag gebracht werden.<br><\/li>\n<\/ol>\n\n\n\n<p><strong>\u00a7 4 &#8211; Beendigung der Mitgliedschaft<\/strong><\/p>\n\n\n\n<p>Die Mitgliedschaft erlischt:<\/p>\n\n\n\n<ol>\n<li>durch Tod des Mitglieds.<\/li>\n\n\n\n<li>durch Austritt, der jeder Zeit erfolgen kann, wobei das angebrochene halbe Jahr bezahlt werden muss.<\/li>\n\n\n\n<li>durch Ausschluss bei vereinssch\u00e4digendem Verhalten. \u00dcber den Ausschluss entscheidet die Mitgliederversammlung durch einfache Mehrheit.<\/li>\n\n\n\n<li>durch Aufl\u00f6sung des Vereins.<\/li>\n<\/ol>\n\n\n\n<p><br><strong>\u00a7 5 &#8211; Organe<\/strong><\/p>\n\n\n\n<p>Organe des Vereins sind:<\/p>\n\n\n\n<ol>\n<li>der Vorstand<\/li>\n\n\n\n<li>die Mitgliederversammlung<\/li>\n<\/ol>\n\n\n\n<p><br><strong>\u00a7 6 &#8211; Vorstand<\/strong><\/p>\n\n\n\n<p>Der Vorstand besteht aus:<\/p>\n\n\n\n<ul>\n<li>Vorsitzender<\/li>\n\n\n\n<li>Vorsitzender (Stellvertreter)<\/li>\n\n\n\n<li>Schriftf\u00fchrer<\/li>\n\n\n\n<li>Kassenwart<\/li>\n\n\n\n<li>Zuchtwart<\/li>\n\n\n\n<li>Jugendleiter<\/li>\n\n\n\n<li>einem Beisitzer<\/li>\n<\/ul>\n\n\n\n<p>Der Verein wird gem\u00e4\u00df $ 26 BGB durch den 1. und 2. Vorsitzenden vertreten. Jeder ist Einzelvertretungsberechtigt. Im Innenverh\u00e4ltnis wird bestimmt, dass der 2. Vorsitzende nur im Verhinderungsfall des 1. Vorsitzenden zur Vertretung berechtigt ist.<\/p>\n\n\n\n<p><br><strong>\u00a7 7 &#8211; Aufgaben des Vorstandes<\/strong><\/p>\n\n\n\n<p>Zu den Aufgaben des Vorstandes geh\u00f6ren:<\/p>\n\n\n\n<ol>\n<li>die Vertretung des Vereins.<\/li>\n\n\n\n<li>die F\u00fchrung und \u00dcberwachung der laufenden Gesch\u00e4fte.<\/li>\n\n\n\n<li>die Einberufung der Mitgliederversammlung.<\/li>\n\n\n\n<li>die Ausf\u00fchrung der Beschl\u00fcsse der Mitgliederversammlung.<\/li>\n<\/ol>\n\n\n\n<p><br><strong>\u00a7 8 &#8211; Wahl des Vorstandes<\/strong><\/p>\n\n\n\n<ol>\n<li>Die Mitgliederversammlung w\u00e4hlt aus den reihen der Mitglieder einen Vorstand.<\/li>\n\n\n\n<li>Die Wahl erfolgt alle drei Jahre durch Vorschl\u00e4ge mit einfacher Mehrheit.<\/li>\n\n\n\n<li>Eine Abwahl der Vorstandsmitglieder w\u00e4hrend der Amtszeit ist nur mit einer 2\/3-Mehrheit der Mitgliederversammlung m\u00f6glich.<\/li>\n\n\n\n<li>Die Wahl erfolgt schriftlich oder per Akklamation. Sind 1\/3 der anwesenden Mitglieder f\u00fcr eine schriftliche Wahl, so muss schriftlich gew\u00e4hlt werden.<\/li>\n<\/ol>\n\n\n\n<p><strong>$ 9 &#8211; Mitgliederversammlung<\/strong><\/p>\n\n\n\n<ol>\n<li>Die Mitgliederversammlung besteht aus den Mitgliedern, die dem Verein angeh\u00f6ren und muss mindestens einmal im Jahr zusammen kommen.<\/li>\n\n\n\n<li>Die Einberufung erfolgt durch den Vorsitzenden, wobei jedes Mitglied eine schriftliche Einladung erh\u00e4lt.<\/li>\n\n\n\n<li>Die Mitgliederversammlung ist ohne R\u00fccksicht auf die Zahl der Erschienenen beschlussf\u00e4hig.<\/li>\n\n\n\n<li>Falls satzungsgem\u00e4\u00df keine 2\/3-Mehrheit erforderlich ist, werden die Beschl\u00fcsse mit einfacher Mehrheit gefasst.<\/li>\n\n\n\n<li>Bei Stimmengleichheit ist der Antrag abgelehnt.<\/li>\n<\/ol>\n\n\n\n<p><strong>\u00a7 10 &#8211; <\/strong><strong>Aufgaben der Mitgliederversammlung \/ Vorsitz und \u00d6ffentlichkeit<\/strong><\/p>\n\n\n\n<ol>\n<li>Zu den Aufgaben der Mitgliederversammlung geh\u00f6ren:<br>a) Wahl des Vorstandes<br>b) Bildung von Aussch\u00fcssen<br>c) Festlegung von Veranstaltungen<br>d) Ehrung verdienter Mitglieder<br>e) Ernennung von Ehrenmitgliedern<\/li>\n\n\n\n<li>Der 1. Vorsitzende oder bei dessen Abwesenheit sein Stellvertreter leitet die Versammlung und \u00fcbt das Hausrecht aus.<\/li>\n\n\n\n<li>Nichtmitglieder und die \u00d6ffentlichkeit k\u00f6nnen nur mit Zustimmung der Mitglieder zugelassen werden.<\/li>\n<\/ol>\n\n\n\n<p><br><strong>\u00a7 11 &#8211; Wahlen<\/strong><\/p>\n\n\n\n<ol>\n<li>Die Wahlen zum Vorstand und zu den Aussch\u00fcssen k\u00f6nnen geheim oder per Akklamation erfolgen. Auf Verlangen von 1\/3 der anwesenden Mitglieder muss geheim gew\u00e4hlt werden.<\/li>\n\n\n\n<li>Gew\u00e4hlt werden kann nur, wer anwesend ist oder wenn eine schriftliche Zustimmung f\u00fcr seine Wiederwahl vorliegt.<\/li>\n\n\n\n<li>Bei Stimmengleichheit in der Stichwahl entscheidet das Los, welches vom 1. Vorsitzenden oder dessen Stellvertreter zu ziehen ist.<\/li>\n<\/ol>\n\n\n\n<p><br><strong>\u00a7 12 &#8211; Niederschriften<\/strong><\/p>\n\n\n\n<ol>\n<li>\u00dcber jede Mitgliederversammlung und Ausschusssitzung ist eine Niederschrift vom Schriftf\u00fchrer anzufertigen.<\/li>\n\n\n\n<li>Diese Niederschrift ist vom 1. Vorsitzenden oder dessen Stellvertreter und dem Schriftf\u00fchrer zu unterschreiben.<\/li>\n\n\n\n<li>Jedes Mitglied kann Einsicht in die Niederschrift nehmen.<\/li>\n<\/ol>\n\n\n\n<p><br><strong>\u00a7 13 &#8211; Beitr\u00e4ge, Einnahmen<\/strong><\/p>\n\n\n\n<ol>\n<li>Die Mitgliedschaft ist beitragspflichtig und wird j\u00e4hrlich vom Verein erhoben.<\/li>\n\n\n\n<li>Die Mitgliedsbeitr\u00e4ge werden von der Mitgliederversammlung festgesetzt.<\/li>\n\n\n\n<li>Die Beitr\u00e4ge sowie die Einnahmen bei Veranstaltungen und freiwilligen Spenden werden f\u00fcr anfallende Ausgaben des Vereins verwendet.<\/li>\n<\/ol>\n\n\n\n<p><br><strong>\u00a7 14 &#8211; Kassenf\u00fchrung<\/strong><\/p>\n\n\n\n<ol>\n<li>Beitr\u00e4ge und Einnahmen sind vom Kassenwart zu verwalten.<\/li>\n\n\n\n<li>\u00dcber die Einnahmen und Ausgaben ist vom Kassenwart ein Kassenbuch zu f\u00fchren.<\/li>\n\n\n\n<li>Vor jeder Jahreshauptversammlung ist die Kasse von zwei Kassenpr\u00fcfern, die vorher zu bestimmen sind und nicht dem Ausschuss angeh\u00f6ren, auf ihre Richtigkeit zu \u00fcberpr\u00fcfen.<\/li>\n\n\n\n<li>Wurden von den Kassenpr\u00fcfern keine Beanstandungen festgestellt, ist der Antrag auf Entlastung des Kassenwartes sowie des Vorstandes zu stellen und abzustimmen.<\/li>\n<\/ol>\n\n\n\n<p><br><strong>\u00a7 15 &#8211; Satzung<\/strong><\/p>\n\n\n\n<ol>\n<li>\u00dcber die \u00c4nderung der Satzung entscheidet die Mitgliederversammlung mit 2\/3-Mehrheit der anwesenden Mitglieder.<\/li>\n\n\n\n<li>Antr\u00e4ge zur \u00c4nderung sind beim Vorstand schriftlich einzureichen.<\/li>\n<\/ol>\n\n\n\n<p><br><strong>\u00a7 16 &#8211; Aufl\u00f6sung<\/strong><\/p>\n\n\n\n<ol>\n<li>Die Aufl\u00f6sung des Vereins kann nur mit absoluter Mehrheit der Mitgliederversammlung beschlossen werden.<\/li>\n\n\n\n<li>Bei Aufl\u00f6sung des Vereins, bei einer Aufhebung oder Wegfall seines bisherigen Zweckes f\u00e4llt das Vereinsverm\u00f6gen dem Landesverband zu.<\/li>\n<\/ol>\n\n\n\n<p><br><strong>\u00a7 17 &#8211; Ausstellungen<\/strong><\/p>\n\n\n\n<ol>\n<li>Es ist untersagt, Tiere auszustellen, die der Z\u00fcchter sich geliehen hat.<\/li>\n\n\n\n<li>Gekaufte Tiere zur Blutauffrischung auszustellen, ist erlaubt.<\/li>\n<\/ol>\n\n\n\n<p><br><strong>\u00a7 18 &#8211; Schlussbestimmung<\/strong><\/p>\n\n\n\n<ol>\n<li>Soweit in dieser Satzung f\u00fcr Einzelheiten keine Regelung getroffen wurde, kann die Mitgliederversammlung entscheiden.<\/li>\n\n\n\n<li>Die Satzung tritt mit dem Tage der Beschlussfassung durch die Mitgliederversammlung in Kraft.<\/li>\n<\/ol>\n\n\n\n<p>Radevormwald, im Juli 2008<\/p>\n\n\n\n<p><em>Diese Satzung wurde in der Mitgliederversammlung vom 3. Juli 2008 in Radevormwald angenommen<br>und ins Vereinsregister des Landesverbandes Rheinland eingetragen.<\/em><\/p>\n","protected":false},"excerpt":{"rendered":"<p>des RGZV Radevormwald 1894 \u00a7 1 &#8211; Name und Sitz \u00a7 2 &#8211; Zweck und Aufgabe \u00a7 3 &#8211; Mitgliedschaft \u00a7 4 &#8211; Beendigung der Mitgliedschaft Die Mitgliedschaft erlischt: \u00a7 5 &#8211; Organe Organe des Vereins sind: \u00a7 6 &#8211; Vorstand Der Vorstand besteht aus: Der Verein wird gem\u00e4\u00df $ 26 BGB durch den 1. [&hellip;]<\/p>\n","protected":false},"author":1,"featured_media":0,"parent":0,"menu_order":0,"comment_status":"closed","ping_status":"closed","template":"","meta":{"footnotes":""},"_links":{"self":[{"href":"https:\/\/rgzv-radevormwald.de\/index.php?rest_route=\/wp\/v2\/pages\/59"}],"collection":[{"href":"https:\/\/rgzv-radevormwald.de\/index.php?rest_route=\/wp\/v2\/pages"}],"about":[{"href":"https:\/\/rgzv-radevormwald.de\/index.php?rest_route=\/wp\/v2\/types\/page"}],"author":[{"embeddable":true,"href":"https:\/\/rgzv-radevormwald.de\/index.php?rest_route=\/wp\/v2\/users\/1"}],"replies":[{"embeddable":true,"href":"https:\/\/rgzv-radevormwald.de\/index.php?rest_route=%2Fwp%2Fv2%2Fcomments&post=59"}],"version-history":[{"count":2,"href":"https:\/\/rgzv-radevormwald.de\/index.php?rest_route=\/wp\/v2\/pages\/59\/revisions"}],"predecessor-version":[{"id":115,"href":"https:\/\/rgzv-radevormwald.de\/index.php?rest_route=\/wp\/v2\/pages\/59\/revisions\/115"}],"wp:attachment":[{"href":"https:\/\/rgzv-radevormwald.de\/index.php?rest_route=%2Fwp%2Fv2%2Fmedia&parent=59"}],"curies":[{"name":"wp","href":"https:\/\/api.w.org\/{rel}","templated":true}]}}