{"id":67,"date":"2023-01-20T19:03:40","date_gmt":"2023-01-20T19:03:40","guid":{"rendered":"https:\/\/rgzv-radevormwald.de\/?page_id=67"},"modified":"2024-09-04T10:24:24","modified_gmt":"2024-09-04T10:24:24","slug":"termine","status":"publish","type":"page","link":"https:\/\/rgzv-radevormwald.de\/?page_id=67","title":{"rendered":"Termine"},"content":{"rendered":"\n<p>Hier erscheinen die geplanten Termine des laufenden Jahres.<br>Sobald die Jahreshauptversammlung die f\u00fcr 2025 geplanten Aktivit\u00e4ten festgelegt hat, werden sie an dieser Stelle ver\u00f6ffentlicht werden.<\/p>\n\n\n\n<ul class=\"lcp_catlist\" id=\"lcp_instance_0\"><\/ul>\n","protected":false},"excerpt":{"rendered":"<p>Hier erscheinen die geplanten Termine des laufenden Jahres.Sobald die Jahreshauptversammlung die f\u00fcr 2025 geplanten Aktivit\u00e4ten festgelegt hat, werden sie an dieser Stelle ver\u00f6ffentlicht werden.<\/p>\n","protected":false},"author":1,"featured_media":0,"parent":0,"menu_order":0,"comment_status":"closed","ping_status":"closed","template":"","meta":{"footnotes":""},"_links":{"self":[{"href":"https:\/\/rgzv-radevormwald.de\/index.php?rest_route=\/wp\/v2\/pages\/67"}],"collection":[{"href":"https:\/\/rgzv-radevormwald.de\/index.php?rest_route=\/wp\/v2\/pages"}],"about":[{"href":"https:\/\/rgzv-radevormwald.de\/index.php?rest_route=\/wp\/v2\/types\/page"}],"author":[{"embeddable":true,"href":"https:\/\/rgzv-radevormwald.de\/index.php?rest_route=\/wp\/v2\/users\/1"}],"replies":[{"embeddable":true,"href":"https:\/\/rgzv-radevormwald.de\/index.php?rest_route=%2Fwp%2Fv2%2Fcomments&post=67"}],"version-history":[{"count":6,"href":"https:\/\/rgzv-radevormwald.de\/index.php?rest_route=\/wp\/v2\/pages\/67\/revisions"}],"predecessor-version":[{"id":454,"href":"https:\/\/rgzv-radevormwald.de\/index.php?rest_route=\/wp\/v2\/pages\/67\/revisions\/454"}],"wp:attachment":[{"href":"https:\/\/rgzv-radevormwald.de\/index.php?rest_route=%2Fwp%2Fv2%2Fmedia&parent=67"}],"curies":[{"name":"wp","href":"https:\/\/api.w.org\/{rel}","templated":true}]}}