{"id":75,"date":"2023-01-20T19:05:23","date_gmt":"2023-01-20T19:05:23","guid":{"rendered":"https:\/\/rgzv-radevormwald.de\/?page_id=75"},"modified":"2023-01-20T20:36:33","modified_gmt":"2023-01-20T20:36:33","slug":"impfungen","status":"publish","type":"page","link":"https:\/\/rgzv-radevormwald.de\/?page_id=75","title":{"rendered":"Impfungen"},"content":{"rendered":"\n<h2 class=\"wp-block-heading\">Information f\u00fcr Z\u00fcchter und Halter von Gefl\u00fcgel<\/h2>\n\n\n\n<p>Das <strong>Impfen<\/strong> von Gefl\u00fcgel ist in Deutschland f\u00fcr alle Z\u00fcchter und Halter,<br>unabh\u00e4ngig von der Anzahl der gehaltenen Tiere,<br><strong>gesetzlich<\/strong> <strong>vorgeschrieben<\/strong>!<\/p>\n\n\n\n<p>Grundlage ist die Gefl\u00fcgelpest-Verordnung vom 21. Dezember 1994.<br>Regelm\u00e4\u00dfiges Impfen <strong>alle drei Monate<\/strong> ist der einzige verl\u00e4ssliche Schutz das Abwehrsystem der Tiere gegen Krankheitserreger aufrecht zu halten und so einen stetigen Impfschutz zu erreichen.<\/p>\n\n\n\n<p><strong><em>So impfe ich mein Gefl\u00fcgel durch Trinkwasserimpfung richtig:<\/em><\/strong><\/p>\n\n\n\n<p>Der gesamte Tierbestand wird gleichzeitig geimpft.<br>Abends vor dem Impftag das Trinkwasser aus dem Stall nehmen.<br>Tr\u00e4nken gr\u00fcndlich reinigen.<br>Den aufgel\u00f6sten Impfstoff in eine Kanne mit zirka 2 Litern sauberem und kaltem Wasser geben.<br>Je nach Anzahl der Tiere im Stall Tr\u00e4nken mit Impfwasser f\u00fcllen und den Tieren geben.<br>Jedes Tier welches einmal Wasser aufgenommen hat ist geimpft.<br>Der Impfstoff ist nach dem Aufl\u00f6sen 2 bis 2,5 Stunden haltbar.<br>L\u00e4ngeres Aufbewahren ist also nicht m\u00f6glich, der Impfstoff wirkt nicht l\u00e4nger.<br>Bei Trinkwasserimpfstoff ist keine \u00dcberdosierung m\u00f6glich.<br>Beim Verzehr von Eiern und Fleisch von geimpften Tieren ist keine Wartezeit n\u00f6tig.<\/p>\n\n\n\n<p>Wolfgang Zielke<\/p>\n","protected":false},"excerpt":{"rendered":"<p>Information f\u00fcr Z\u00fcchter und Halter von Gefl\u00fcgel Das Impfen von Gefl\u00fcgel ist in Deutschland f\u00fcr alle Z\u00fcchter und Halter,unabh\u00e4ngig von der Anzahl der gehaltenen Tiere,gesetzlich vorgeschrieben! Grundlage ist die Gefl\u00fcgelpest-Verordnung vom 21. Dezember 1994.Regelm\u00e4\u00dfiges Impfen alle drei Monate ist der einzige verl\u00e4ssliche Schutz das Abwehrsystem der Tiere gegen Krankheitserreger aufrecht zu halten und so einen [&hellip;]<\/p>\n","protected":false},"author":1,"featured_media":0,"parent":0,"menu_order":0,"comment_status":"closed","ping_status":"closed","template":"","meta":{"footnotes":""},"_links":{"self":[{"href":"https:\/\/rgzv-radevormwald.de\/index.php?rest_route=\/wp\/v2\/pages\/75"}],"collection":[{"href":"https:\/\/rgzv-radevormwald.de\/index.php?rest_route=\/wp\/v2\/pages"}],"about":[{"href":"https:\/\/rgzv-radevormwald.de\/index.php?rest_route=\/wp\/v2\/types\/page"}],"author":[{"embeddable":true,"href":"https:\/\/rgzv-radevormwald.de\/index.php?rest_route=\/wp\/v2\/users\/1"}],"replies":[{"embeddable":true,"href":"https:\/\/rgzv-radevormwald.de\/index.php?rest_route=%2Fwp%2Fv2%2Fcomments&post=75"}],"version-history":[{"count":3,"href":"https:\/\/rgzv-radevormwald.de\/index.php?rest_route=\/wp\/v2\/pages\/75\/revisions"}],"predecessor-version":[{"id":106,"href":"https:\/\/rgzv-radevormwald.de\/index.php?rest_route=\/wp\/v2\/pages\/75\/revisions\/106"}],"wp:attachment":[{"href":"https:\/\/rgzv-radevormwald.de\/index.php?rest_route=%2Fwp%2Fv2%2Fmedia&parent=75"}],"curies":[{"name":"wp","href":"https:\/\/api.w.org\/{rel}","templated":true}]}}